{"id":7,"date":"2025-08-13T13:06:03","date_gmt":"2025-08-13T11:06:03","guid":{"rendered":"https:\/\/proesza.com\/contact-us\/"},"modified":"2025-10-02T11:14:31","modified_gmt":"2025-10-02T09:14:31","slug":"contact-proesza","status":"publish","type":"page","link":"https:\/\/proesza.com\/en\/contact-proesza\/","title":{"rendered":"Contact"},"content":{"rendered":"<div class=\"wp-block-uagb-container uagb-block-317c0605 alignfull uagb-is-root-container\"><div class=\"uagb-container-inner-blocks-wrap\">\n<div class=\"wp-block-uagb-advanced-heading uagb-block-46881200\"><h1 class=\"uagb-heading-text\">Contact<\/h1><p class=\"uagb-desc-text\">We are at your disposal to solve your doubts and offer you personalised technical solutions in engineering, topography and industrial building.<\/p><\/div>\n<\/div><\/div>\n\n\n\n<div class=\"wp-block-uagb-container uagb-block-e22d1d4b alignfull uagb-is-root-container\"><div class=\"uagb-container-inner-blocks-wrap\">\n<div class=\"wp-block-uagb-container uagb-block-320462bb\">\n<div class=\"wp-block-uagb-info-box uagb-block-032603e6 uagb-infobox__content-wrap  uagb-infobox-icon-above-title uagb-infobox-image-valign-top wp-block-uagb-info-box--has-margin\"><div class=\"uagb-infobox-margin-wrapper\"><div class=\"uagb-ifb-content\"><div class=\"uagb-ifb-title-wrap\"><h4 class=\"uagb-ifb-title-prefix\">Quick and easy<\/h4><h3 class=\"uagb-ifb-title\">Send us your enquiry using the form below<\/h3><\/div><div class=\"uagb-ifb-separator\"><\/div><\/div><\/div><\/div>\n\n\n\n<div class=\"wp-block-uagb-icon-list uagb-block-e1e9811e\"><div class=\"uagb-icon-list__wrap\">\n<div class=\"wp-block-uagb-icon-list-child uagb-block-e6ec85ec\"><span class=\"uagb-icon-list__source-wrap\"><svg xmlns=\"https:\/\/www.w3.org\/2000\/svg\" viewbox=\"0 0 256 512\"><path d=\"M118.6 105.4l128 127.1C252.9 239.6 256 247.8 256 255.1s-3.125 16.38-9.375 22.63l-128 127.1c-9.156 9.156-22.91 11.9-34.88 6.943S64 396.9 64 383.1V128c0-12.94 7.781-24.62 19.75-29.58S109.5 96.23 118.6 105.4z\"><\/path><\/svg><\/span><span class=\"uagb-icon-list__label\">Please fill in the form and we will get back to you as soon as possible.<\/span><\/div>\n\n\n\n<div class=\"wp-block-uagb-icon-list-child uagb-block-b116a87d\"><span class=\"uagb-icon-list__source-wrap\"><svg xmlns=\"https:\/\/www.w3.org\/2000\/svg\" viewbox=\"0 0 256 512\"><path d=\"M118.6 105.4l128 127.1C252.9 239.6 256 247.8 256 255.1s-3.125 16.38-9.375 22.63l-128 127.1c-9.156 9.156-22.91 11.9-34.88 6.943S64 396.9 64 383.1V128c0-12.94 7.781-24.62 19.75-29.58S109.5 96.23 118.6 105.4z\"><\/path><\/svg><\/span><span class=\"uagb-icon-list__label\">Our technical team will analyse your request on a personalised basis.<\/span><\/div>\n\n\n\n<div class=\"wp-block-uagb-icon-list-child uagb-block-1c2a06f0\"><span class=\"uagb-icon-list__source-wrap\"><svg xmlns=\"https:\/\/www.w3.org\/2000\/svg\" viewbox=\"0 0 256 512\"><path d=\"M118.6 105.4l128 127.1C252.9 239.6 256 247.8 256 255.1s-3.125 16.38-9.375 22.63l-128 127.1c-9.156 9.156-22.91 11.9-34.88 6.943S64 396.9 64 383.1V128c0-12.94 7.781-24.62 19.75-29.58S109.5 96.23 118.6 105.4z\"><\/path><\/svg><\/span><span class=\"uagb-icon-list__label\">We guarantee a close, professional and efficient service.<\/span><\/div>\n<\/div><\/div>\n<\/div>\n\n\n\n<div class=\"wp-block-uagb-container uagb-block-0684987e\">\n<div class=\"wp-block-uagb-forms uagb-forms__outer-wrap uagb-block-d96f3405 uagb-forms__medium-btn\"><form class=\"uagb-forms-main-form\" method=\"post\" autocomplete=\"on\" name=\"uagb-form-d96f3405\" action=\"\">\n<div class=\"wp-block-uagb-forms-name uagb-forms-name-wrap uagb-forms-field-set uagb-block-36c05b30\"><div class=\"uagb-forms-name-label required uagb-forms-input-label\" id=\"36c05b30\">Name<\/div><input type=\"text\" placeholder=\"Name\" required class=\"uagb-forms-name-input uagb-forms-input\" name=\"36c05b30\" autocomplete=\"given-name\"\/><\/div>\n\n\n\n<div class=\"wp-block-uagb-forms-email uagb-forms-email-wrap uagb-forms-field-set uagb-block-e25d2881\"><div class=\"uagb-forms-email-label required uagb-forms-input-label\" id=\"e25d2881\">Email<\/div><input type=\"email\" class=\"uagb-forms-email-input uagb-forms-input\" placeholder=\"correo@electronico.com\" required name=\"e25d2881\" autocomplete=\"email\"\/><\/div>\n\n\n\n<div class=\"wp-block-uagb-forms-textarea uagb-forms-textarea-wrap uagb-forms-field-set uagb-block-c075329b\"><div class=\"uagb-forms-textarea-label required uagb-forms-input-label\" id=\"c075329b\">Message<\/div><textarea required class=\"uagb-forms-textarea-input uagb-forms-input\" rows=\"4\" placeholder=\"Enter your message\" name=\"c075329b\" autocomplete=\"off\"><\/textarea><\/div>\n\n\n\n<div class=\"wp-block-uagb-forms-accept uagb-forms-accept-wrap uagb-forms-field-set uagb-block-43f9df70\"><div class=\"uagb-forms-accept-privacy-link\"><a href=\"\/en\/privacy-policy\/\" target=\"_blank\" rel=\"noopener noreferrer\">Privacy policy<\/a><\/div><input type=\"checkbox\" name=\"43f9df70\" required value=\"Agree\" class=\"uagb-forms-checkbox\" id=\"uagb-forms-accept-43f9df70\"\/><label name=\"43f9df70\" for=\"uagb-forms-accept-43f9df70\" class=\"uagb-forms-accept-label required\" id=\"43f9df70\">I have read and agree to the privacy policy.<\/label><br\/><\/div>\n<div class=\"uagb-forms-form-hidden-data\"><input type=\"hidden\" id=\"g-recaptcha-response\" class=\"uagb-forms-recaptcha\"\/><input type=\"hidden\" class=\"uagb_forms_form_label\" value=\"Spectra Form\"\/><input type=\"hidden\" class=\"uagb_forms_form_id\" value=\"uagb-form-d96f3405\"\/><\/div><div class=\"uagb-form-reacaptcha-error-d96f3405\"><\/div><div class=\"uagb-forms-main-submit-button-wrap wp-block-button\"><button class=\"uagb-forms-main-submit-button wp-block-button__link\"><div class=\"uagb-forms-main-submit-button-text\">Send<\/div><\/button><\/div><input type=\"hidden\" name=\"trp-form-language\" value=\"en\"\/><\/form><div class=\"uagb-forms-success-message-d96f3405 uagb-forms-submit-message-hide\"><span>The form has been submitted successfully!<\/span><\/div><div class=\"uagb-forms-failed-message-d96f3405 uagb-forms-submit-message-hide\"><span>There has been some error while submitting the form. Please verify all form fields again.<\/span><\/div><\/div>\n<\/div>\n<\/div><\/div>","protected":false},"excerpt":{"rendered":"<p>Contact We are at your disposal to solve your doubts and to offer you personalised technical solutions in engineering, topography and industrial building.<\/p>","protected":false},"author":2,"featured_media":0,"parent":0,"menu_order":0,"comment_status":"closed","ping_status":"closed","template":"","meta":{"_uag_custom_page_level_css":"","site-sidebar-layout":"no-sidebar","site-content-layout":"","ast-site-content-layout":"full-width-container","site-content-style":"default","site-sidebar-style":"default","ast-global-header-display":"","ast-banner-title-visibility":"disabled","ast-main-header-display":"","ast-hfb-above-header-display":"","ast-hfb-below-header-display":"","ast-hfb-mobile-header-display":"","site-post-title":"","ast-breadcrumbs-content":"","ast-featured-img":"","footer-sml-layout":"","ast-disable-related-posts":"","theme-transparent-header-meta":"enabled","adv-header-id-meta":"","stick-header-meta":"","header-above-stick-meta":"","header-main-stick-meta":"","header-below-stick-meta":"","astra-migrate-meta-layouts":"set","ast-page-background-enabled":"default","ast-page-background-meta":{"desktop":{"background-color":"","background-image":"","background-repeat":"repeat","background-position":"center center","background-size":"auto","background-attachment":"scroll","background-type":"","background-media":"","overlay-type":"","overlay-color":"","overlay-opacity":"","overlay-gradient":""},"tablet":{"background-color":"","background-image":"","background-repeat":"repeat","background-position":"center center","background-size":"auto","background-attachment":"scroll","background-type":"","background-media":"","overlay-type":"","overlay-color":"","overlay-opacity":"","overlay-gradient":""},"mobile":{"background-color":"","background-image":"","background-repeat":"repeat","background-position":"center center","background-size":"auto","background-attachment":"scroll","background-type":"","background-media":"","overlay-type":"","overlay-color":"","overlay-opacity":"","overlay-gradient":""}},"ast-content-background-meta":{"desktop":{"background-color":"var(--ast-global-color-5)","background-image":"","background-repeat":"repeat","background-position":"center center","background-size":"auto","background-attachment":"scroll","background-type":"","background-media":"","overlay-type":"","overlay-color":"","overlay-opacity":"","overlay-gradient":""},"tablet":{"background-color":"var(--ast-global-color-5)","background-image":"","background-repeat":"repeat","background-position":"center center","background-size":"auto","background-attachment":"scroll","background-type":"","background-media":"","overlay-type":"","overlay-color":"","overlay-opacity":"","overlay-gradient":""},"mobile":{"background-color":"var(--ast-global-color-5)","background-image":"","background-repeat":"repeat","background-position":"center center","background-size":"auto","background-attachment":"scroll","background-type":"","background-media":"","overlay-type":"","overlay-color":"","overlay-opacity":"","overlay-gradient":""}},"_vp_format_video_url":"","_vp_image_focal_point":[],"footnotes":""},"class_list":["post-7","page","type-page","status-publish","hentry"],"yoast_head":"<!-- This site is optimized with the Yoast SEO plugin v26.8 - https:\/\/yoast.com\/product\/yoast-seo-wordpress\/ -->\n<title>Contacto - Proesza<\/title>\n<meta name=\"robots\" content=\"index, follow, max-snippet:-1, max-image-preview:large, max-video-preview:-1\" \/>\n<link rel=\"canonical\" href=\"https:\/\/proesza.com\/en\/contact-proesza\/\" \/>\n<meta property=\"og:locale\" content=\"en_GB\" \/>\n<meta property=\"og:type\" content=\"article\" \/>\n<meta property=\"og:title\" content=\"Contacto - Proesza\" \/>\n<meta property=\"og:description\" content=\"Contacto Estamos a su disposici\u00f3n para resolver dudas y ofrecerle soluciones t\u00e9cnicas personalizadas en ingenier\u00eda, topograf\u00eda y edificaci\u00f3n industrial.\" \/>\n<meta property=\"og:url\" content=\"https:\/\/proesza.com\/en\/contact-proesza\/\" \/>\n<meta property=\"og:site_name\" content=\"Proesza\" \/>\n<meta property=\"article:modified_time\" content=\"2025-10-02T09:14:31+00:00\" \/>\n<meta name=\"twitter:card\" content=\"summary_large_image\" \/>\n<meta name=\"twitter:label1\" content=\"Estimated reading time\" \/>\n\t<meta name=\"twitter:data1\" content=\"1 minute\" \/>\n<script type=\"application\/ld+json\" class=\"yoast-schema-graph\">{\"@context\":\"https:\/\/schema.org\",\"@graph\":[{\"@type\":\"WebPage\",\"@id\":\"https:\/\/proesza.com\/contacto-proesza\/\",\"url\":\"https:\/\/proesza.com\/contacto-proesza\/\",\"name\":\"Contacto - Proesza\",\"isPartOf\":{\"@id\":\"https:\/\/proesza.com\/#website\"},\"datePublished\":\"2025-08-13T11:06:03+00:00\",\"dateModified\":\"2025-10-02T09:14:31+00:00\",\"breadcrumb\":{\"@id\":\"https:\/\/proesza.com\/contacto-proesza\/#breadcrumb\"},\"inLanguage\":\"en-GB\",\"potentialAction\":[{\"@type\":\"ReadAction\",\"target\":[\"https:\/\/proesza.com\/contacto-proesza\/\"]}]},{\"@type\":\"BreadcrumbList\",\"@id\":\"https:\/\/proesza.com\/contacto-proesza\/#breadcrumb\",\"itemListElement\":[{\"@type\":\"ListItem\",\"position\":1,\"name\":\"Portada\",\"item\":\"https:\/\/proesza.com\/\"},{\"@type\":\"ListItem\",\"position\":2,\"name\":\"Contacto\"}]},{\"@type\":\"WebSite\",\"@id\":\"https:\/\/proesza.com\/#website\",\"url\":\"https:\/\/proesza.com\/\",\"name\":\"Proesza\",\"description\":\"Ingenier\u00eda civil, topograf\u00eda y edificaci\u00f3n industrial\",\"publisher\":{\"@id\":\"https:\/\/proesza.com\/#organization\"},\"potentialAction\":[{\"@type\":\"SearchAction\",\"target\":{\"@type\":\"EntryPoint\",\"urlTemplate\":\"https:\/\/proesza.com\/?s={search_term_string}\"},\"query-input\":{\"@type\":\"PropertyValueSpecification\",\"valueRequired\":true,\"valueName\":\"search_term_string\"}}],\"inLanguage\":\"en-GB\"},{\"@type\":\"Organization\",\"@id\":\"https:\/\/proesza.com\/#organization\",\"name\":\"Proesza\",\"url\":\"https:\/\/proesza.com\/\",\"logo\":{\"@type\":\"ImageObject\",\"inLanguage\":\"en-GB\",\"@id\":\"https:\/\/proesza.com\/#\/schema\/logo\/image\/\",\"url\":\"https:\/\/proesza.com\/wp-content\/uploads\/2025\/08\/Proesza-logo.png\",\"contentUrl\":\"https:\/\/proesza.com\/wp-content\/uploads\/2025\/08\/Proesza-logo.png\",\"width\":200,\"height\":75,\"caption\":\"Proesza\"},\"image\":{\"@id\":\"https:\/\/proesza.com\/#\/schema\/logo\/image\/\"}}]}<\/script>\n<!-- \/ Yoast SEO plugin. -->","yoast_head_json":{"title":"Contact - Proesza","robots":{"index":"index","follow":"follow","max-snippet":"max-snippet:-1","max-image-preview":"max-image-preview:large","max-video-preview":"max-video-preview:-1"},"canonical":"https:\/\/proesza.com\/en\/contact-proesza\/","og_locale":"en_GB","og_type":"article","og_title":"Contacto - Proesza","og_description":"Contacto Estamos a su disposici\u00f3n para resolver dudas y ofrecerle soluciones t\u00e9cnicas personalizadas en ingenier\u00eda, topograf\u00eda y edificaci\u00f3n industrial.","og_url":"https:\/\/proesza.com\/en\/contact-proesza\/","og_site_name":"Proesza","article_modified_time":"2025-10-02T09:14:31+00:00","twitter_card":"summary_large_image","twitter_misc":{"Estimated reading time":"1 minute"},"schema":{"@context":"https:\/\/schema.org","@graph":[{"@type":"WebPage","@id":"https:\/\/proesza.com\/contacto-proesza\/","url":"https:\/\/proesza.com\/contacto-proesza\/","name":"Contact - Proesza","isPartOf":{"@id":"https:\/\/proesza.com\/#website"},"datePublished":"2025-08-13T11:06:03+00:00","dateModified":"2025-10-02T09:14:31+00:00","breadcrumb":{"@id":"https:\/\/proesza.com\/contacto-proesza\/#breadcrumb"},"inLanguage":"en-GB","potentialAction":[{"@type":"ReadAction","target":["https:\/\/proesza.com\/contacto-proesza\/"]}]},{"@type":"BreadcrumbList","@id":"https:\/\/proesza.com\/contacto-proesza\/#breadcrumb","itemListElement":[{"@type":"ListItem","position":1,"name":"Portada","item":"https:\/\/proesza.com\/"},{"@type":"ListItem","position":2,"name":"Contacto"}]},{"@type":"WebSite","@id":"https:\/\/proesza.com\/#website","url":"https:\/\/proesza.com\/","name":"Proesza","description":"Civil engineering, topography and industrial building","publisher":{"@id":"https:\/\/proesza.com\/#organization"},"potentialAction":[{"@type":"SearchAction","target":{"@type":"EntryPoint","urlTemplate":"https:\/\/proesza.com\/?s={search_term_string}"},"query-input":{"@type":"PropertyValueSpecification","valueRequired":true,"valueName":"search_term_string"}}],"inLanguage":"en-GB"},{"@type":"Organization","@id":"https:\/\/proesza.com\/#organization","name":"Proesza","url":"https:\/\/proesza.com\/","logo":{"@type":"ImageObject","inLanguage":"en-GB","@id":"https:\/\/proesza.com\/#\/schema\/logo\/image\/","url":"https:\/\/proesza.com\/wp-content\/uploads\/2025\/08\/Proesza-logo.png","contentUrl":"https:\/\/proesza.com\/wp-content\/uploads\/2025\/08\/Proesza-logo.png","width":200,"height":75,"caption":"Proesza"},"image":{"@id":"https:\/\/proesza.com\/#\/schema\/logo\/image\/"}}]}},"uagb_featured_image_src":{"full":false,"thumbnail":false,"medium":false,"medium_large":false,"large":false,"1536x1536":false,"2048x2048":false,"trp-custom-language-flag":false,"vp_sm":false,"vp_md":false,"vp_lg":false,"vp_xl":false,"vp_sm_popup":false,"vp_md_popup":false,"vp_xl_popup":false},"uagb_author_info":{"display_name":"Domingo","author_link":"https:\/\/proesza.com\/en\/author\/domingo\/"},"uagb_comment_info":0,"uagb_excerpt":"Contacto Estamos a su disposici\u00f3n para resolver dudas y ofrecerle soluciones t\u00e9cnicas personalizadas en ingenier\u00eda, topograf\u00eda y edificaci\u00f3n industrial.","_links":{"self":[{"href":"https:\/\/proesza.com\/en\/wp-json\/wp\/v2\/pages\/7","targetHints":{"allow":["GET"]}}],"collection":[{"href":"https:\/\/proesza.com\/en\/wp-json\/wp\/v2\/pages"}],"about":[{"href":"https:\/\/proesza.com\/en\/wp-json\/wp\/v2\/types\/page"}],"author":[{"embeddable":true,"href":"https:\/\/proesza.com\/en\/wp-json\/wp\/v2\/users\/2"}],"replies":[{"embeddable":true,"href":"https:\/\/proesza.com\/en\/wp-json\/wp\/v2\/comments?post=7"}],"version-history":[{"count":11,"href":"https:\/\/proesza.com\/en\/wp-json\/wp\/v2\/pages\/7\/revisions"}],"predecessor-version":[{"id":2397,"href":"https:\/\/proesza.com\/en\/wp-json\/wp\/v2\/pages\/7\/revisions\/2397"}],"wp:attachment":[{"href":"https:\/\/proesza.com\/en\/wp-json\/wp\/v2\/media?parent=7"}],"curies":[{"name":"wp","href":"https:\/\/api.w.org\/{rel}","templated":true}]}}