{"id":2534,"date":"2025-10-02T13:09:22","date_gmt":"2025-10-02T11:09:22","guid":{"rendered":"https:\/\/proesza.com\/?page_id=2534"},"modified":"2025-10-02T13:09:22","modified_gmt":"2025-10-02T11:09:22","slug":"accessibility-statement","status":"publish","type":"page","link":"https:\/\/proesza.com\/en\/accessibility-statement\/","title":{"rendered":"Accessibility statement"},"content":{"rendered":"<p>This is a PROESZA accessibility statement:<\/p>\n\n\n\n<h3 class=\"wp-block-heading\">Compliance status<\/h3>\n\n\n\n<p>The\u00a0<a href=\"https:\/\/www.w3.org\/WAI\/standards-guidelines\/wcag\/\" target=\"_blank\" rel=\"noreferrer noopener\">Web Content Accessibility Guidelines (WCAG)<\/a>\u00a0define requirements for designers and developers to improve accessibility for people with disabilities. It defines three levels of conformance: Level A, Level AA and Level AAA. PROESZA is partially compliant with WCAG 2.1 level AA. Partially compliant means that some parts of the content do not fully conform to the accessibility standard.<\/p>","protected":false},"excerpt":{"rendered":"<p>\u00c9sta es una declaraci\u00f3n de accesibilidad de PROESZA: Estado de conformidad Las\u00a0Pautas de Accesibilidad para el Contenido Web (WCAG)\u00a0definen los requisitos para que los dise\u00f1adores y desarrolladores mejoren la accesibilidad para las personas con discapacidades.\u00a0Define tres niveles de conformidad: Nivel A, Nivel AA y Nivel AAA.\u00a0PROESZA es\u00a0parcialmente conforme\u00a0con\u00a0WCAG 2.1 nivel AA.\u00a0Parcialmente conforme\u00a0significa que\u00a0algunas partes del [&hellip;]<\/p>","protected":false},"author":2,"featured_media":0,"parent":0,"menu_order":0,"comment_status":"closed","ping_status":"closed","template":"","meta":{"_uag_custom_page_level_css":"","site-sidebar-layout":"default","site-content-layout":"","ast-site-content-layout":"default","site-content-style":"default","site-sidebar-style":"default","ast-global-header-display":"","ast-banner-title-visibility":"","ast-main-header-display":"","ast-hfb-above-header-display":"","ast-hfb-below-header-display":"","ast-hfb-mobile-header-display":"","site-post-title":"","ast-breadcrumbs-content":"","ast-featured-img":"","footer-sml-layout":"","ast-disable-related-posts":"","theme-transparent-header-meta":"","adv-header-id-meta":"","stick-header-meta":"","header-above-stick-meta":"","header-main-stick-meta":"","header-below-stick-meta":"","astra-migrate-meta-layouts":"set","ast-page-background-enabled":"default","ast-page-background-meta":{"desktop":{"background-color":"","background-image":"","background-repeat":"repeat","background-position":"center center","background-size":"auto","background-attachment":"scroll","background-type":"","background-media":"","overlay-type":"","overlay-color":"","overlay-opacity":"","overlay-gradient":""},"tablet":{"background-color":"","background-image":"","background-repeat":"repeat","background-position":"center center","background-size":"auto","background-attachment":"scroll","background-type":"","background-media":"","overlay-type":"","overlay-color":"","overlay-opacity":"","overlay-gradient":""},"mobile":{"background-color":"","background-image":"","background-repeat":"repeat","background-position":"center center","background-size":"auto","background-attachment":"scroll","background-type":"","background-media":"","overlay-type":"","overlay-color":"","overlay-opacity":"","overlay-gradient":""}},"ast-content-background-meta":{"desktop":{"background-color":"var(--ast-global-color-5)","background-image":"","background-repeat":"repeat","background-position":"center center","background-size":"auto","background-attachment":"scroll","background-type":"","background-media":"","overlay-type":"","overlay-color":"","overlay-opacity":"","overlay-gradient":""},"tablet":{"background-color":"var(--ast-global-color-5)","background-image":"","background-repeat":"repeat","background-position":"center center","background-size":"auto","background-attachment":"scroll","background-type":"","background-media":"","overlay-type":"","overlay-color":"","overlay-opacity":"","overlay-gradient":""},"mobile":{"background-color":"var(--ast-global-color-5)","background-image":"","background-repeat":"repeat","background-position":"center center","background-size":"auto","background-attachment":"scroll","background-type":"","background-media":"","overlay-type":"","overlay-color":"","overlay-opacity":"","overlay-gradient":""}},"_vp_format_video_url":"","_vp_image_focal_point":[],"footnotes":""},"class_list":["post-2534","page","type-page","status-publish","hentry"],"yoast_head":"<!-- This site is optimized with the Yoast SEO plugin v26.8 - https:\/\/yoast.com\/product\/yoast-seo-wordpress\/ -->\n<title>Declaraci\u00f3n de accesibilidad - Proesza<\/title>\n<meta name=\"robots\" content=\"index, follow, max-snippet:-1, max-image-preview:large, max-video-preview:-1\" \/>\n<link rel=\"canonical\" href=\"https:\/\/proesza.com\/en\/accessibility-statement\/\" \/>\n<meta property=\"og:locale\" content=\"en_GB\" \/>\n<meta property=\"og:type\" content=\"article\" \/>\n<meta property=\"og:title\" content=\"Declaraci\u00f3n de accesibilidad - Proesza\" \/>\n<meta property=\"og:description\" content=\"\u00c9sta es una declaraci\u00f3n de accesibilidad de PROESZA: Estado de conformidad Las\u00a0Pautas de Accesibilidad para el Contenido Web (WCAG)\u00a0definen los requisitos para que los dise\u00f1adores y desarrolladores mejoren la accesibilidad para las personas con discapacidades.\u00a0Define tres niveles de conformidad: Nivel A, Nivel AA y Nivel AAA.\u00a0PROESZA es\u00a0parcialmente conforme\u00a0con\u00a0WCAG 2.1 nivel AA.\u00a0Parcialmente conforme\u00a0significa que\u00a0algunas partes del [&hellip;]\" \/>\n<meta property=\"og:url\" content=\"https:\/\/proesza.com\/en\/accessibility-statement\/\" \/>\n<meta property=\"og:site_name\" content=\"Proesza\" \/>\n<meta name=\"twitter:card\" content=\"summary_large_image\" \/>\n<script type=\"application\/ld+json\" class=\"yoast-schema-graph\">{\"@context\":\"https:\/\/schema.org\",\"@graph\":[{\"@type\":\"WebPage\",\"@id\":\"https:\/\/proesza.com\/declaracion-de-accesibilidad\/\",\"url\":\"https:\/\/proesza.com\/declaracion-de-accesibilidad\/\",\"name\":\"Declaraci\u00f3n de accesibilidad - Proesza\",\"isPartOf\":{\"@id\":\"https:\/\/proesza.com\/#website\"},\"datePublished\":\"2025-10-02T11:09:22+00:00\",\"breadcrumb\":{\"@id\":\"https:\/\/proesza.com\/declaracion-de-accesibilidad\/#breadcrumb\"},\"inLanguage\":\"en-GB\",\"potentialAction\":[{\"@type\":\"ReadAction\",\"target\":[\"https:\/\/proesza.com\/declaracion-de-accesibilidad\/\"]}]},{\"@type\":\"BreadcrumbList\",\"@id\":\"https:\/\/proesza.com\/declaracion-de-accesibilidad\/#breadcrumb\",\"itemListElement\":[{\"@type\":\"ListItem\",\"position\":1,\"name\":\"Portada\",\"item\":\"https:\/\/proesza.com\/\"},{\"@type\":\"ListItem\",\"position\":2,\"name\":\"Declaraci\u00f3n de accesibilidad\"}]},{\"@type\":\"WebSite\",\"@id\":\"https:\/\/proesza.com\/#website\",\"url\":\"https:\/\/proesza.com\/\",\"name\":\"Proesza\",\"description\":\"Ingenier\u00eda civil, topograf\u00eda y edificaci\u00f3n industrial\",\"publisher\":{\"@id\":\"https:\/\/proesza.com\/#organization\"},\"potentialAction\":[{\"@type\":\"SearchAction\",\"target\":{\"@type\":\"EntryPoint\",\"urlTemplate\":\"https:\/\/proesza.com\/?s={search_term_string}\"},\"query-input\":{\"@type\":\"PropertyValueSpecification\",\"valueRequired\":true,\"valueName\":\"search_term_string\"}}],\"inLanguage\":\"en-GB\"},{\"@type\":\"Organization\",\"@id\":\"https:\/\/proesza.com\/#organization\",\"name\":\"Proesza\",\"url\":\"https:\/\/proesza.com\/\",\"logo\":{\"@type\":\"ImageObject\",\"inLanguage\":\"en-GB\",\"@id\":\"https:\/\/proesza.com\/#\/schema\/logo\/image\/\",\"url\":\"https:\/\/proesza.com\/wp-content\/uploads\/2025\/08\/Proesza-logo.png\",\"contentUrl\":\"https:\/\/proesza.com\/wp-content\/uploads\/2025\/08\/Proesza-logo.png\",\"width\":200,\"height\":75,\"caption\":\"Proesza\"},\"image\":{\"@id\":\"https:\/\/proesza.com\/#\/schema\/logo\/image\/\"}}]}<\/script>\n<!-- \/ Yoast SEO plugin. -->","yoast_head_json":{"title":"Accessibility statement - Proesza","robots":{"index":"index","follow":"follow","max-snippet":"max-snippet:-1","max-image-preview":"max-image-preview:large","max-video-preview":"max-video-preview:-1"},"canonical":"https:\/\/proesza.com\/en\/accessibility-statement\/","og_locale":"en_GB","og_type":"article","og_title":"Declaraci\u00f3n de accesibilidad - Proesza","og_description":"\u00c9sta es una declaraci\u00f3n de accesibilidad de PROESZA: Estado de conformidad Las\u00a0Pautas de Accesibilidad para el Contenido Web (WCAG)\u00a0definen los requisitos para que los dise\u00f1adores y desarrolladores mejoren la accesibilidad para las personas con discapacidades.\u00a0Define tres niveles de conformidad: Nivel A, Nivel AA y Nivel AAA.\u00a0PROESZA es\u00a0parcialmente conforme\u00a0con\u00a0WCAG 2.1 nivel AA.\u00a0Parcialmente conforme\u00a0significa que\u00a0algunas partes del [&hellip;]","og_url":"https:\/\/proesza.com\/en\/accessibility-statement\/","og_site_name":"Proesza","twitter_card":"summary_large_image","schema":{"@context":"https:\/\/schema.org","@graph":[{"@type":"WebPage","@id":"https:\/\/proesza.com\/declaracion-de-accesibilidad\/","url":"https:\/\/proesza.com\/declaracion-de-accesibilidad\/","name":"Accessibility statement - Proesza","isPartOf":{"@id":"https:\/\/proesza.com\/#website"},"datePublished":"2025-10-02T11:09:22+00:00","breadcrumb":{"@id":"https:\/\/proesza.com\/declaracion-de-accesibilidad\/#breadcrumb"},"inLanguage":"en-GB","potentialAction":[{"@type":"ReadAction","target":["https:\/\/proesza.com\/declaracion-de-accesibilidad\/"]}]},{"@type":"BreadcrumbList","@id":"https:\/\/proesza.com\/declaracion-de-accesibilidad\/#breadcrumb","itemListElement":[{"@type":"ListItem","position":1,"name":"Portada","item":"https:\/\/proesza.com\/"},{"@type":"ListItem","position":2,"name":"Declaraci\u00f3n de accesibilidad"}]},{"@type":"WebSite","@id":"https:\/\/proesza.com\/#website","url":"https:\/\/proesza.com\/","name":"Proesza","description":"Civil engineering, topography and industrial building","publisher":{"@id":"https:\/\/proesza.com\/#organization"},"potentialAction":[{"@type":"SearchAction","target":{"@type":"EntryPoint","urlTemplate":"https:\/\/proesza.com\/?s={search_term_string}"},"query-input":{"@type":"PropertyValueSpecification","valueRequired":true,"valueName":"search_term_string"}}],"inLanguage":"en-GB"},{"@type":"Organization","@id":"https:\/\/proesza.com\/#organization","name":"Proesza","url":"https:\/\/proesza.com\/","logo":{"@type":"ImageObject","inLanguage":"en-GB","@id":"https:\/\/proesza.com\/#\/schema\/logo\/image\/","url":"https:\/\/proesza.com\/wp-content\/uploads\/2025\/08\/Proesza-logo.png","contentUrl":"https:\/\/proesza.com\/wp-content\/uploads\/2025\/08\/Proesza-logo.png","width":200,"height":75,"caption":"Proesza"},"image":{"@id":"https:\/\/proesza.com\/#\/schema\/logo\/image\/"}}]}},"uagb_featured_image_src":{"full":false,"thumbnail":false,"medium":false,"medium_large":false,"large":false,"1536x1536":false,"2048x2048":false,"trp-custom-language-flag":false,"vp_sm":false,"vp_md":false,"vp_lg":false,"vp_xl":false,"vp_sm_popup":false,"vp_md_popup":false,"vp_xl_popup":false},"uagb_author_info":{"display_name":"Domingo","author_link":"https:\/\/proesza.com\/en\/author\/domingo\/"},"uagb_comment_info":0,"uagb_excerpt":"\u00c9sta es una declaraci\u00f3n de accesibilidad de PROESZA: Estado de conformidad Las\u00a0Pautas de Accesibilidad para el Contenido Web (WCAG)\u00a0definen los requisitos para que los dise\u00f1adores y desarrolladores mejoren la accesibilidad para las personas con discapacidades.\u00a0Define tres niveles de conformidad: Nivel A, Nivel AA y Nivel AAA.\u00a0PROESZA es\u00a0parcialmente conforme\u00a0con\u00a0WCAG 2.1 nivel AA.\u00a0Parcialmente conforme\u00a0significa que\u00a0algunas partes del&hellip;","_links":{"self":[{"href":"https:\/\/proesza.com\/en\/wp-json\/wp\/v2\/pages\/2534","targetHints":{"allow":["GET"]}}],"collection":[{"href":"https:\/\/proesza.com\/en\/wp-json\/wp\/v2\/pages"}],"about":[{"href":"https:\/\/proesza.com\/en\/wp-json\/wp\/v2\/types\/page"}],"author":[{"embeddable":true,"href":"https:\/\/proesza.com\/en\/wp-json\/wp\/v2\/users\/2"}],"replies":[{"embeddable":true,"href":"https:\/\/proesza.com\/en\/wp-json\/wp\/v2\/comments?post=2534"}],"version-history":[{"count":1,"href":"https:\/\/proesza.com\/en\/wp-json\/wp\/v2\/pages\/2534\/revisions"}],"predecessor-version":[{"id":2535,"href":"https:\/\/proesza.com\/en\/wp-json\/wp\/v2\/pages\/2534\/revisions\/2535"}],"wp:attachment":[{"href":"https:\/\/proesza.com\/en\/wp-json\/wp\/v2\/media?parent=2534"}],"curies":[{"name":"wp","href":"https:\/\/api.w.org\/{rel}","templated":true}]}}